{"id":429,"date":"2017-12-26T10:10:20","date_gmt":"2017-12-26T10:10:20","guid":{"rendered":"https:\/\/www.fabricedini.com\/?page_id=429"},"modified":"2025-02-21T09:00:05","modified_gmt":"2025-02-21T09:00:05","slug":"about","status":"publish","type":"page","link":"https:\/\/www.fabricedini.com\/en\/about\/","title":{"rendered":"About"},"content":{"rendered":"<div class=\"wpb-content-wrapper\">[vc_row][vc_column][\/vc_column][\/vc_row][mk_page_section padding_top=&#8221;0&#8243; padding_bottom=&#8221;0&#8243; sidebar=&#8221;sidebar-1&#8243;][vc_column][vc_row_inner][vc_column_inner width=&#8221;1\/2&#8243; css=&#8221;.vc_custom_1517759024733{margin-left: 0px !important;padding-top: 20px !important;padding-left: 0px !important;}&#8221;][vc_column_text css=&#8221;.vc_custom_1740128401243{margin-bottom: 0px !important;padding-top: 20px !important;}&#8221;]Fabrice Dini is a mindfulness teacher, consultant and specialist in integral education, born in Switzerland and having lived in India for almost twenty years. He is the author of numerous books, translated into several languages, on integral education and mindfulness. With his experience, Fabrice has co-created two schools and teaches in many public and private schools, as well as in companies. Over the years, he has taught mindfulness to thousands of adults, teachers, children and adolescents around the world. As the creator of the Gratitude Project and the Strength of Character Project, he works to promote mental health among thousands of young people in the French-speaking part of Switzerland. With such experience and dedication, Fabrice Dini is a true expert in mindfulness and integral education, whose impact is felt around the world.<\/p>\n<p>Born in a small village in the heart of the Alps in Switzerland, Fabrice Dini lived in India for 17 years. There he studied areas in which he is today an expert: Integral education, yoga and mindfulness.<\/p>\n<p>During his journey through these ancient lands, he has had the privilege of collaborating with various leaders in the field of integral education. This collaboration has borne many fruits, such as his participation in the writing of several books, the production of DVDs dedicated to integral education and the development of a pedagogical method with CD to teach French. He co-founded a school in Auroville, the purpose of which is to apply the principles of integral education, and taught in several innovative schools in India. In Switzerland, he co-founded a pioneer school based on outdoor education.[\/vc_column_text][vc_column_text css=&#8221;.vc_custom_1684073715540{margin-bottom: 0px !important;}&#8221;]Fabrice is a certified instructor of mindfulness for children and adolescents by : AMT Academy for Mindful Teaching in Nederland &#8211; Mindful Schools, Mindful Educator Essentials in USA &#8211; Mindfulness In Schools Project, Pawsb in UK &#8211; Mindfulness In Schools Project, Dotb in UK.<\/p>\n<p>He teaches the MBSR &#8211; Mindfulness Program for adults \u2013 following his training with Jon Kabat-Zinn and Saki Santorelli from the &#8220;Center for Mindfulness&#8221; of the University of Massachusetts.<\/p>\n<p>He teaches Integral Education, Stress Management, Character Strength, Mindfulness in many schools and companies and also at the University of Teacher Education in Switzerland. In addition to being a lecturer, he organizes conferences, workshops and classes for children, teachers, parents and companies.<\/p>\n<p>Fabrice enjoys trekking, mountain biking, ski touring and spending time in Nature.[\/vc_column_text][\/vc_column_inner][vc_column_inner width=&#8221;1\/2&#8243;]\n\t\t\t<!-- START about REVOLUTION SLIDER 6.6.14 --><p class=\"rs-p-wp-fix\"><\/p>\n\t\t\t<rs-module-wrap id=\"rev_slider_1_1_wrapper\" data-source=\"gallery\" style=\"visibility:hidden;background:transparent;padding:0;margin:0px auto;margin-top:50;margin-bottom:0;\">\n\t\t\t\t<rs-module id=\"rev_slider_1_1\" style=\"\" data-version=\"6.6.14\">\n\t\t\t\t\t<rs-slides style=\"overflow: hidden; position: absolute;\">\n\t\t\t\t\t\t<rs-slide style=\"position: absolute;\" data-key=\"rs-3\" data-title=\"Slide\" data-anim=\"adpr:false;\">\n\t\t\t\t\t\t\t<img decoding=\"async\" src=\"\/\/www.fabricedini.com\/wp-content\/plugins\/revslider\/public\/assets\/assets\/dummy.png\" alt=\"\" title=\"About\" class=\"rev-slidebg tp-rs-img rs-lazyload\" data-lazyload=\"\/\/www.fabricedini.com\/wp-content\/uploads\/2017\/12\/about.jpg\" data-no-retina>\n<!--\n\t\t\t\t\t\t\t--><rs-layer\n\t\t\t\t\t\t\t\tid=\"slider-1-slide-3-layer-1\" \n\t\t\t\t\t\t\t\tdata-type=\"text\"\n\t\t\t\t\t\t\t\tdata-color=\"#ffffff\"\n\t\t\t\t\t\t\t\tdata-rsp_ch=\"on\"\n\t\t\t\t\t\t\t\tdata-xy=\"x:37px;y:371px;\"\n\t\t\t\t\t\t\t\tdata-text=\"l:22;a:inherit;\"\n\t\t\t\t\t\t\t\tdata-frame_0=\"tp:600;\"\n\t\t\t\t\t\t\t\tdata-frame_1=\"tp:600;st:0;\"\n\t\t\t\t\t\t\t\tdata-frame_999=\"o:0;tp:600;st:w;sR:8700.0003051758;\"\n\t\t\t\t\t\t\t\tstyle=\"z-index:5;font-family:'Open Sans';\"\n\t\t\t\t\t\t\t>. \n\t\t\t\t\t\t\t<\/rs-layer><!--\n-->\t\t\t\t\t\t<\/rs-slide>\n\t\t\t\t\t\t<rs-slide style=\"position: absolute;\" data-key=\"rs-4\" data-title=\"Slide\" data-anim=\"adpr:false;\">\n\t\t\t\t\t\t\t<img decoding=\"async\" src=\"\/\/www.fabricedini.com\/wp-content\/plugins\/revslider\/public\/assets\/assets\/dummy.png\" alt=\"\" title=\"About\" class=\"rev-slidebg tp-rs-img rs-lazyload\" data-lazyload=\"\/\/www.fabricedini.com\/wp-content\/uploads\/2018\/01\/carousel1.jpg\" data-no-retina>\n<!--\n\t\t\t\t\t\t\t--><rs-layer\n\t\t\t\t\t\t\t\tid=\"slider-1-slide-4-layer-1\" \n\t\t\t\t\t\t\t\tdata-type=\"text\"\n\t\t\t\t\t\t\t\tdata-color=\"#ffffff\"\n\t\t\t\t\t\t\t\tdata-rsp_ch=\"on\"\n\t\t\t\t\t\t\t\tdata-xy=\"x:37px;y:344px;\"\n\t\t\t\t\t\t\t\tdata-text=\"s:16;l:22;a:inherit;\"\n\t\t\t\t\t\t\t\tdata-frame_0=\"tp:600;\"\n\t\t\t\t\t\t\t\tdata-frame_1=\"tp:600;st:0;\"\n\t\t\t\t\t\t\t\tdata-frame_999=\"o:0;tp:600;st:w;sR:8700.0003051758;\"\n\t\t\t\t\t\t\t\tstyle=\"z-index:5;font-family:'Open Sans';\"\n\t\t\t\t\t\t\t>Fabrice gives conferences on Education and Mindfulness \n\t\t\t\t\t\t\t<\/rs-layer><!--\n-->\t\t\t\t\t\t<\/rs-slide>\n\t\t\t\t\t\t<rs-slide style=\"position: absolute;\" data-key=\"rs-6\" data-title=\"Slide\" data-anim=\"adpr:false;\">\n\t\t\t\t\t\t\t<img decoding=\"async\" src=\"\/\/www.fabricedini.com\/wp-content\/plugins\/revslider\/public\/assets\/assets\/dummy.png\" alt=\"\" title=\"About\" class=\"rev-slidebg tp-rs-img rs-lazyload\" data-lazyload=\"\/\/www.fabricedini.com\/wp-content\/uploads\/2018\/04\/narendra-modi-115-petite.jpg\" data-no-retina>\n<!--\n\t\t\t\t\t\t\t--><rs-layer\n\t\t\t\t\t\t\t\tid=\"slider-1-slide-6-layer-1\" \n\t\t\t\t\t\t\t\tdata-type=\"text\"\n\t\t\t\t\t\t\t\tdata-color=\"#ffffff\"\n\t\t\t\t\t\t\t\tdata-rsp_ch=\"on\"\n\t\t\t\t\t\t\t\tdata-xy=\"x:52px;y:339px;\"\n\t\t\t\t\t\t\t\tdata-text=\"s:16;l:22;a:inherit;\"\n\t\t\t\t\t\t\t\tdata-dim=\"w:491px;\"\n\t\t\t\t\t\t\t\tdata-frame_0=\"tp:600;\"\n\t\t\t\t\t\t\t\tdata-frame_1=\"tp:600;st:0;\"\n\t\t\t\t\t\t\t\tdata-frame_999=\"o:0;tp:600;st:w;sR:8700.0003051758;\"\n\t\t\t\t\t\t\t\tstyle=\"z-index:5;font-family:'Open Sans';\"\n\t\t\t\t\t\t\t>Shri Narendra Modi, the Premier Minister of India launching \n\t\t\t\t\t\t\t<\/rs-layer><!--\n\n\t\t\t\t\t\t\t--><rs-layer\n\t\t\t\t\t\t\t\tid=\"slider-1-slide-6-layer-3\" \n\t\t\t\t\t\t\t\tdata-type=\"text\"\n\t\t\t\t\t\t\t\tdata-color=\"#ffffff\"\n\t\t\t\t\t\t\t\tdata-rsp_ch=\"on\"\n\t\t\t\t\t\t\t\tdata-xy=\"x:53px;y:363px;\"\n\t\t\t\t\t\t\t\tdata-text=\"s:16;l:22;a:inherit;\"\n\t\t\t\t\t\t\t\tdata-dim=\"w:491px;\"\n\t\t\t\t\t\t\t\tdata-frame_0=\"tp:600;\"\n\t\t\t\t\t\t\t\tdata-frame_1=\"tp:600;st:0;\"\n\t\t\t\t\t\t\t\tdata-frame_999=\"o:0;tp:600;st:w;sR:8700.0003051758;\"\n\t\t\t\t\t\t\t\tstyle=\"z-index:6;font-family:'Open Sans';\"\n\t\t\t\t\t\t\t>the book of Fabrice Dini on Integral Education. \n\t\t\t\t\t\t\t<\/rs-layer><!--\n-->\t\t\t\t\t\t<\/rs-slide>\n\t\t\t\t\t\t<rs-slide style=\"position: absolute;\" data-key=\"rs-2\" data-title=\"Slide\" data-anim=\"adpr:false;\">\n\t\t\t\t\t\t\t<img decoding=\"async\" src=\"\/\/www.fabricedini.com\/wp-content\/plugins\/revslider\/public\/assets\/assets\/dummy.png\" alt=\"\" title=\"About\" class=\"rev-slidebg tp-rs-img rs-lazyload\" data-lazyload=\"\/\/www.fabricedini.com\/wp-content\/uploads\/2018\/01\/carousel4.jpg\" data-no-retina>\n<!--\n\t\t\t\t\t\t\t--><rs-layer\n\t\t\t\t\t\t\t\tid=\"slider-1-slide-2-layer-1\" \n\t\t\t\t\t\t\t\tdata-type=\"text\"\n\t\t\t\t\t\t\t\tdata-color=\"#ffffff\"\n\t\t\t\t\t\t\t\tdata-rsp_ch=\"on\"\n\t\t\t\t\t\t\t\tdata-xy=\"x:29px;y:352px;\"\n\t\t\t\t\t\t\t\tdata-text=\"l:22;a:inherit;\"\n\t\t\t\t\t\t\t\tdata-frame_0=\"tp:600;\"\n\t\t\t\t\t\t\t\tdata-frame_1=\"tp:600;st:0;\"\n\t\t\t\t\t\t\t\tdata-frame_999=\"o:0;tp:600;st:w;sR:8700.0003051758;\"\n\t\t\t\t\t\t\t\tstyle=\"z-index:5;font-family:'Open Sans';\"\n\t\t\t\t\t\t\t>During a workshop in Lausanne \n\t\t\t\t\t\t\t<\/rs-layer><!--\n-->\t\t\t\t\t\t<\/rs-slide>\n\t\t\t\t\t\t<rs-slide style=\"position: absolute;\" data-key=\"rs-7\" data-title=\"Slide\" data-anim=\"adpr:false;\">\n\t\t\t\t\t\t\t<img decoding=\"async\" src=\"\/\/www.fabricedini.com\/wp-content\/plugins\/revslider\/public\/assets\/assets\/dummy.png\" alt=\"\" title=\"About\" class=\"rev-slidebg tp-rs-img rs-lazyload\" data-lazyload=\"\/\/www.fabricedini.com\/wp-content\/uploads\/2018\/01\/carousel5.jpg\" data-no-retina>\n<!--\n\t\t\t\t\t\t\t--><rs-layer\n\t\t\t\t\t\t\t\tid=\"slider-1-slide-7-layer-1\" \n\t\t\t\t\t\t\t\tdata-type=\"text\"\n\t\t\t\t\t\t\t\tdata-color=\"#ffffff\"\n\t\t\t\t\t\t\t\tdata-rsp_ch=\"on\"\n\t\t\t\t\t\t\t\tdata-xy=\"x:24px;y:363px;\"\n\t\t\t\t\t\t\t\tdata-text=\"s:16;l:22;a:inherit;\"\n\t\t\t\t\t\t\t\tdata-frame_0=\"tp:600;\"\n\t\t\t\t\t\t\t\tdata-frame_1=\"tp:600;st:0;\"\n\t\t\t\t\t\t\t\tdata-frame_999=\"o:0;tp:600;st:w;sR:8700.0003051758;\"\n\t\t\t\t\t\t\t\tstyle=\"z-index:5;font-family:'Open Sans';\"\n\t\t\t\t\t\t\t>Trekking in front of the Kamet (7620 meter) in the Himalaya 2007 \n\t\t\t\t\t\t\t<\/rs-layer><!--\n-->\t\t\t\t\t\t<\/rs-slide>\n\t\t\t\t\t\t<rs-slide style=\"position: absolute;\" data-key=\"rs-1\" data-title=\"Slide\" data-anim=\"adpr:false;\">\n\t\t\t\t\t\t\t<img decoding=\"async\" src=\"\/\/www.fabricedini.com\/wp-content\/plugins\/revslider\/public\/assets\/assets\/dummy.png\" alt=\"\" title=\"About\" class=\"rev-slidebg tp-rs-img rs-lazyload\" data-lazyload=\"\/\/www.fabricedini.com\/wp-content\/uploads\/2018\/02\/fabrice2017.jpg\" data-no-retina>\n<!--\n\t\t\t\t\t\t\t--><rs-layer\n\t\t\t\t\t\t\t\tid=\"slider-1-slide-1-layer-1\" \n\t\t\t\t\t\t\t\tdata-type=\"text\"\n\t\t\t\t\t\t\t\tdata-color=\"#ffffff\"\n\t\t\t\t\t\t\t\tdata-rsp_ch=\"on\"\n\t\t\t\t\t\t\t\tdata-xy=\"x:25px;y:25px;\"\n\t\t\t\t\t\t\t\tdata-text=\"l:22;a:inherit;\"\n\t\t\t\t\t\t\t\tdata-frame_0=\"tp:600;\"\n\t\t\t\t\t\t\t\tdata-frame_1=\"tp:600;st:0;\"\n\t\t\t\t\t\t\t\tdata-frame_999=\"o:0;tp:600;st:w;sR:8700.0003051758;\"\n\t\t\t\t\t\t\t\tstyle=\"z-index:5;font-family:'Open Sans';\"\n\t\t\t\t\t\t\t> \n\t\t\t\t\t\t\t<\/rs-layer><!--\n-->\t\t\t\t\t\t<\/rs-slide>\n\t\t\t\t\t<\/rs-slides>\n\t\t\t\t<\/rs-module>\n\t\t\t\t<script>\n\t\t\t\t\tsetREVStartSize({c: 'rev_slider_1_1',rl:[1240,1024,778,480],el:[],gw:[525],gh:[400],type:'standard',justify:'',layout:'fullwidth',mh:\"0\"});if (window.RS_MODULES!==undefined && window.RS_MODULES.modules!==undefined && window.RS_MODULES.modules[\"revslider11\"]!==undefined) {window.RS_MODULES.modules[\"revslider11\"].once = false;window.revapi1 = undefined;if (window.RS_MODULES.checkMinimal!==undefined) window.RS_MODULES.checkMinimal()}\n\t\t\t\t<\/script>\n\t\t\t<\/rs-module-wrap>\n\t\t\t<!-- END REVOLUTION SLIDER -->\n[\/vc_column_inner][\/vc_row_inner][mk_fancy_title tag_name=&#8221;h1&#8243; color=&#8221;#0066bf&#8221; size=&#8221;30&#8243; font_weight=&#8221;300&#8243; margin_top=&#8221;32&#8243; margin_bottom=&#8221;0&#8243; font_family=&#8221;none&#8221;]Contact[\/mk_fancy_title][vc_column_text css=&#8221;.vc_custom_1517649772305{margin-bottom: 0px !important;}&#8221;]+41 (0) 77 455 30 10 &#8211; <a href=\"mailto:info@fabricedini.com\">info@fabricedini.com<\/a>[\/vc_column_text][\/vc_column][\/mk_page_section][vc_row css=&#8221;.vc_custom_1516868201785{margin-top: 0px !important;}&#8221;][vc_column width=&#8221;1\/6&#8243;][mk_social_networks size=&#8221;x-large&#8221; margin=&#8221;0&#8243; icon_color=&#8221;#1e73be&#8221; icon_hover_color=&#8221;#ddbe90&#8243; facebook=&#8221;https:\/\/www.facebook.com\/educationintegral\/&#8221;][\/vc_column][vc_column width=&#8221;1\/6&#8243;][mk_social_networks size=&#8221;x-large&#8221; margin=&#8221;0&#8243; icon_color=&#8221;#dd3333&#8243; icon_hover_color=&#8221;#b52929&#8243; youtube=&#8221;https:\/\/www.youtube.com\/user\/fabrice1412&#8243;][\/vc_column][vc_column width=&#8221;1\/6&#8243;][\/vc_column][vc_column width=&#8221;1\/6&#8243;][\/vc_column][vc_column width=&#8221;1\/6&#8243;][\/vc_column][vc_column width=&#8221;1\/6&#8243;][\/vc_column][\/vc_row][vc_row][vc_column][mk_fancy_title tag_name=&#8221;h1&#8243; color=&#8221;#0066bf&#8221; size=&#8221;30&#8243; font_weight=&#8221;300&#8243; margin_top=&#8221;46&#8243; margin_bottom=&#8221;39&#8243; font_family=&#8221;none&#8221;]Media Coverage (in French)[\/mk_fancy_title][mk_button dimension=&#8221;savvy&#8221; icon=&#8221;mk-moon-tv&#8221; url=&#8221;http:\/\/canal9.ch\/zoom-sur-la-pleine-conscience-comme-outil-pour-les-eleves-et-les-enseignants\/&#8221; target=&#8221;_blank&#8221; margin_bottom=&#8221;40&#8243; margin_right=&#8221;29&#8243;]On TV[\/mk_button][vc_column_text css=&#8221;.vc_custom_1517650015561{margin-bottom: 40px !important;}&#8221;]\n<p class=\"entry-title\">Zoom sur la pleine conscience comme outil pour les \u00e9l\u00e8ves et les enseignants.<\/p>\n[\/vc_column_text][mk_button dimension=&#8221;savvy&#8221; icon=&#8221;mk-li-micro&#8221; url=&#8221;http:\/\/harmonieintegrale.ch\/images\/pdf\/InterviewFabriceDini.pdf&#8221; target=&#8221;_blank&#8221;]Interview[\/mk_button][vc_column_text margin_bottom=&#8221;20&#8243; css=&#8221;.vc_custom_1515471145565{margin-bottom: 40px !important;}&#8221;]\n<p class=\"entry-title\">Interview\u00a0de Fabrice Dini paru dans l&#8217;Echo Magazine.<\/p>\n[\/vc_column_text][mk_button dimension=&#8221;savvy&#8221; icon=&#8221;mk-icon-file-text-o&#8221; url=&#8221;http:\/\/harmonieintegrale.ch\/images\/pdf\/ArticleFabriceDini.pdf&#8221; target=&#8221;_blank&#8221;]Article[\/mk_button][vc_column_text margin_bottom=&#8221;20&#8243; css=&#8221;.vc_custom_1515471163412{margin-bottom: 40px !important;}&#8221;]\n<p class=\"entry-title\">Article\u00a0paru dans le mensuel R\u00e9sonances.<\/p>\n[\/vc_column_text][mk_button dimension=&#8221;savvy&#8221; icon=&#8221;mk-icon-file-text-o&#8221; url=&#8221;http:\/\/harmonieintegrale.ch\/images\/pdf\/educaterre.pdf&#8221; target=&#8221;_blank&#8221;]Article[\/mk_button][vc_column_text margin_bottom=&#8221;20&#8243; css=&#8221;.vc_custom_1515471235280{margin-bottom: 40px !important;}&#8221;]\n<p class=\"entry-title\">\u00a0Article\u00a0sur l&#8217;\u00e9cole en Suisse que Fabrice a fond\u00e9 et pr\u00e9sid\u00e9 durant 3 ann\u00e9e.<\/p>\n[\/vc_column_text][\/vc_column][\/vc_row]\n<\/div>","protected":false},"excerpt":{"rendered":"<p>[vc_row][vc_column][\/vc_column][\/vc_row][mk_page_section padding_top=&#8221;0&#8243; padding_bottom=&#8221;0&#8243; sidebar=&#8221;sidebar-1&#8243;][vc_column][vc_row_inner][vc_column_inner width=&#8221;1\/2&#8243; css=&#8221;.vc_custom_1517759024733{margin-left: 0px !important;padding-top: 20px !important;padding-left: 0px !important;}&#8221;][vc_column_text css=&#8221;.vc_custom_1740128401243{margin-bottom: 0px !important;padding-top: 20px !important;}&#8221;]Fabrice Dini is a mindfulness teacher, consultant and specialist in integral education, born in Switzerland and having lived in India for almost twenty years. He is the author of numerous books, translated into several languages, on integral education and [&hellip;]<\/p>\n","protected":false},"author":1,"featured_media":542,"parent":0,"menu_order":0,"comment_status":"closed","ping_status":"closed","template":"","meta":{"footnotes":""},"class_list":["post-429","page","type-page","status-publish","has-post-thumbnail","hentry"],"_links":{"self":[{"href":"https:\/\/www.fabricedini.com\/en\/wp-json\/wp\/v2\/pages\/429","targetHints":{"allow":["GET"]}}],"collection":[{"href":"https:\/\/www.fabricedini.com\/en\/wp-json\/wp\/v2\/pages"}],"about":[{"href":"https:\/\/www.fabricedini.com\/en\/wp-json\/wp\/v2\/types\/page"}],"author":[{"embeddable":true,"href":"https:\/\/www.fabricedini.com\/en\/wp-json\/wp\/v2\/users\/1"}],"replies":[{"embeddable":true,"href":"https:\/\/www.fabricedini.com\/en\/wp-json\/wp\/v2\/comments?post=429"}],"version-history":[{"count":3,"href":"https:\/\/www.fabricedini.com\/en\/wp-json\/wp\/v2\/pages\/429\/revisions"}],"predecessor-version":[{"id":4545,"href":"https:\/\/www.fabricedini.com\/en\/wp-json\/wp\/v2\/pages\/429\/revisions\/4545"}],"wp:featuredmedia":[{"embeddable":true,"href":"https:\/\/www.fabricedini.com\/en\/wp-json\/wp\/v2\/media\/542"}],"wp:attachment":[{"href":"https:\/\/www.fabricedini.com\/en\/wp-json\/wp\/v2\/media?parent=429"}],"curies":[{"name":"wp","href":"https:\/\/api.w.org\/{rel}","templated":true}]}}